{"id":10,"date":"2024-04-25T10:23:54","date_gmt":"2024-04-25T10:23:54","guid":{"rendered":"https:\/\/www.compraraceiteonline.es\/?page_id=10"},"modified":"2024-05-22T02:27:57","modified_gmt":"2024-05-22T02:27:57","slug":"aceite-de-oliva-virgen-extra","status":"publish","type":"page","link":"https:\/\/www.compraraceiteonline.es\/","title":{"rendered":"Aceite de Oliva Virgen Extra"},"content":{"rendered":"<p>[et_pb_section fb_built=\u00bb1&#8243; custom_padding_last_edited=\u00bbon|phone\u00bb next_background_color=\u00bb#ffffff\u00bb _builder_version=\u00bb4.17.0&#8243; _module_preset=\u00bbdefault\u00bb background_color=\u00bbrgba(0,0,0,0.35)\u00bb background_image=\u00bbhttps:\/\/www.compraraceiteonline.es\/wp-content\/uploads\/2024\/04\/Captura-de-pantalla-2024-04-25-121326.png\u00bb background_blend=\u00bboverlay\u00bb custom_padding=\u00bb336px||336px||true|false\u00bb custom_padding_tablet=\u00bb100px||100px||true|false\u00bb custom_padding_phone=\u00bb70px||70px||true|false\u00bb bottom_divider_style=\u00bbwave2&#8243; bottom_divider_height=\u00bb69px\u00bb global_colors_info=\u00bb{}\u00bb][\/et_pb_section][et_pb_section fb_built=\u00bb1&#8243; _builder_version=\u00bb4.19.0&#8243; _module_preset=\u00bbdefault\u00bb background_enable_color=\u00bboff\u00bb background_enable_image=\u00bboff\u00bb custom_padding=\u00bb30px||30px||false|false\u00bb global_colors_info=\u00bb{}\u00bb][et_pb_row _builder_version=\u00bb4.18.1&#8243; _module_preset=\u00bbdefault\u00bb max_width=\u00bb1200px\u00bb global_colors_info=\u00bb{}\u00bb][et_pb_column type=\u00bb4_4&#8243; _builder_version=\u00bb4.18.0&#8243; _module_preset=\u00bbdefault\u00bb global_colors_info=\u00bb{}\u00bb][et_pb_text _builder_version=\u00bb4.17.0&#8243; _module_preset=\u00bbdefault\u00bb header_2_font=\u00bb|800|||||||\u00bb header_2_text_align=\u00bbcenter\u00bb header_2_font_size=\u00bb38px\u00bb header_2_font_size_tablet=\u00bb34px\u00bb header_2_font_size_phone=\u00bb30px\u00bb header_2_font_size_last_edited=\u00bbon|phone\u00bb global_colors_info=\u00bb{}\u00bb]<\/p>\n<h2>Servicios Valdelaseras<\/h2>\n<p>[\/et_pb_text][\/et_pb_column][\/et_pb_row][et_pb_row column_structure=\u00bb1_3,1_3,1_3&#8243; make_equal=\u00bbon\u00bb _builder_version=\u00bb4.19.0&#8243; _module_preset=\u00bbdefault\u00bb max_width=\u00bb1200px\u00bb global_colors_info=\u00bb{}\u00bb][et_pb_column type=\u00bb1_3&#8243; _builder_version=\u00bb4.18.1&#8243; _module_preset=\u00bbdefault\u00bb background_color=\u00bb#f9f9f9&#8243; border_radii=\u00bbon|3px|3px|3px|3px\u00bb border_width_all=\u00bb1px\u00bb border_color_all=\u00bb#e8e8e8&#8243; box_shadow_style=\u00bbpreset1&#8243; box_shadow_color=\u00bbrgba(0,0,0,0.08)\u00bb global_colors_info=\u00bb{}\u00bb][et_pb_image src=\u00bbhttps:\/\/www.compraraceiteonline.es\/wp-content\/uploads\/2024\/04\/Captura-de-pantalla-2024-04-26-121536.png\u00bb title_text=\u00bbCaptura de pantalla 2024-04-26 121536&#8243; _builder_version=\u00bb4.17.0&#8243; _module_preset=\u00bbdefault\u00bb global_colors_info=\u00bb{}\u00bb][\/et_pb_image][et_pb_text _builder_version=\u00bb4.17.0&#8243; _module_preset=\u00bbdefault\u00bb header_2_font=\u00bb|800|||||||\u00bb header_2_text_align=\u00bbcenter\u00bb header_2_font_size=\u00bb38px\u00bb header_3_font=\u00bb|600|||||||\u00bb header_4_font=\u00bb|600|||||||\u00bb header_4_text_align=\u00bbcenter\u00bb header_4_font_size=\u00bb20px\u00bb custom_margin=\u00bb||5px|||\u00bb header_2_font_size_tablet=\u00bb34px\u00bb header_2_font_size_phone=\u00bb30px\u00bb header_2_font_size_last_edited=\u00bbon|phone\u00bb global_colors_info=\u00bb{}\u00bb]<\/p>\n<h4>Conoce el proceso completo en nuestra Almazara<\/h4>\n<p>[\/et_pb_text][et_pb_button button_url=\u00bbhttps:\/\/www.aceitevaldelaseras.com\/\u00bb url_new_window=\u00bbon\u00bb button_text=\u00bbVisita la Almazara\u00bb button_alignment=\u00bbcenter\u00bb module_class=\u00bbboton-caja\u00bb _builder_version=\u00bb4.17.0&#8243; _module_preset=\u00bbdefault\u00bb custom_button=\u00bbon\u00bb button_text_color=\u00bb#651906&#8243; custom_margin=\u00bb||30px||false|false\u00bb global_colors_info=\u00bb{}\u00bb][\/et_pb_button][\/et_pb_column][et_pb_column type=\u00bb1_3&#8243; _builder_version=\u00bb4.19.0&#8243; _module_preset=\u00bbdefault\u00bb background_color=\u00bb#f9f9f9&#8243; border_radii=\u00bbon|3px|3px|3px|3px\u00bb border_width_all=\u00bb1px\u00bb border_color_all=\u00bb#e8e8e8&#8243; box_shadow_style=\u00bbpreset1&#8243; box_shadow_color=\u00bbrgba(0,0,0,0.08)\u00bb global_colors_info=\u00bb{}\u00bb][et_pb_image src=\u00bbhttps:\/\/www.compraraceiteonline.es\/wp-content\/uploads\/2024\/04\/Actividades-y-Eventos-en-Valdelaseras-1-e1714127335999.jpg\u00bb title_text=\u00bbActividades-y-Eventos-en-Valdelaseras-1&#8243; _builder_version=\u00bb4.17.0&#8243; _module_preset=\u00bbdefault\u00bb global_colors_info=\u00bb{}\u00bb][\/et_pb_image][et_pb_text _builder_version=\u00bb4.17.0&#8243; _module_preset=\u00bbdefault\u00bb header_2_font=\u00bb|800|||||||\u00bb header_2_text_align=\u00bbcenter\u00bb header_2_font_size=\u00bb38px\u00bb header_3_font=\u00bb|600|||||||\u00bb header_4_font=\u00bb|600|||||||\u00bb header_4_text_align=\u00bbcenter\u00bb header_4_font_size=\u00bb20px\u00bb custom_margin=\u00bb||19px|||\u00bb custom_padding=\u00bb|30px||30px|false|true\u00bb header_2_font_size_tablet=\u00bb34px\u00bb header_2_font_size_phone=\u00bb30px\u00bb header_2_font_size_last_edited=\u00bbon|phone\u00bb global_colors_info=\u00bb{}\u00bb]<\/p>\n<h4>Celebraci\u00f3n de Eventos<\/h4>\n<p>[\/et_pb_text][et_pb_button button_url=\u00bb@ET-DC@eyJkeW5hbWljIjp0cnVlLCJjb250ZW50IjoicG9zdF9saW5rX3VybF9wYWdlIiwic2V0dGluZ3MiOnsicG9zdF9pZCI6IjQ0In19@\u00bb button_text=\u00bbCelebraciones\u00bb button_alignment=\u00bbcenter\u00bb module_class=\u00bbboton-caja\u00bb _builder_version=\u00bb4.17.0&#8243; _dynamic_attributes=\u00bbbutton_url\u00bb _module_preset=\u00bbdefault\u00bb custom_button=\u00bbon\u00bb button_text_color=\u00bb#651906&#8243; custom_margin=\u00bb||30px||false|false\u00bb global_colors_info=\u00bb{}\u00bb][\/et_pb_button][\/et_pb_column][et_pb_column type=\u00bb1_3&#8243; _builder_version=\u00bb4.18.1&#8243; _module_preset=\u00bbdefault\u00bb background_color=\u00bb#f9f9f9&#8243; border_radii=\u00bbon|3px|3px|3px|3px\u00bb border_width_all=\u00bb1px\u00bb border_color_all=\u00bb#e8e8e8&#8243; box_shadow_style=\u00bbpreset1&#8243; box_shadow_color=\u00bbrgba(0,0,0,0.08)\u00bb global_colors_info=\u00bb{}\u00bb][et_pb_image src=\u00bbhttps:\/\/www.compraraceiteonline.es\/wp-content\/uploads\/2024\/04\/Captura-de-pantalla-2024-04-26-124730.png\u00bb title_text=\u00bbCaptura de pantalla 2024-04-26 124730&#8243; _builder_version=\u00bb4.17.0&#8243; _module_preset=\u00bbdefault\u00bb global_colors_info=\u00bb{}\u00bb][\/et_pb_image][et_pb_text _builder_version=\u00bb4.17.0&#8243; _module_preset=\u00bbdefault\u00bb header_2_font=\u00bb|800|||||||\u00bb header_2_text_align=\u00bbcenter\u00bb header_2_font_size=\u00bb38px\u00bb header_3_font=\u00bb|600|||||||\u00bb header_4_font=\u00bb|600|||||||\u00bb header_4_text_align=\u00bbcenter\u00bb header_4_font_size=\u00bb20px\u00bb custom_margin=\u00bb||5px|||\u00bb custom_padding=\u00bb|30px||30px|false|true\u00bb header_2_font_size_tablet=\u00bb34px\u00bb header_2_font_size_phone=\u00bb30px\u00bb header_2_font_size_last_edited=\u00bbon|phone\u00bb global_colors_info=\u00bb{}\u00bb]<\/p>\n<h4>Alojamiento Rural 5*<\/h4>\n<p>[\/et_pb_text][et_pb_button button_url=\u00bbhttps:\/\/www.casaruralvaldelaseras.es\/\u00bb button_text=\u00bbCasa Rural\u00bb button_alignment=\u00bbcenter\u00bb module_class=\u00bbboton-caja\u00bb _builder_version=\u00bb4.17.0&#8243; _module_preset=\u00bbdefault\u00bb custom_button=\u00bbon\u00bb button_text_color=\u00bb#651906&#8243; custom_margin=\u00bb19px||30px||false|false\u00bb global_colors_info=\u00bb{}\u00bb][\/et_pb_button][\/et_pb_column][\/et_pb_row][\/et_pb_section][et_pb_section fb_built=\u00bb1&#8243; fullwidth=\u00bbon\u00bb _builder_version=\u00bb4.17.0&#8243; _module_preset=\u00bbdefault\u00bb global_colors_info=\u00bb{}\u00bb][et_pb_fullwidth_image src=\u00bbhttps:\/\/www.compraraceiteonline.es\/wp-content\/uploads\/2024\/04\/Banner-BONO-REGALO-.png\u00bb title_text=\u00bbBanner-BONO-REGALO-\u00bb _builder_version=\u00bb4.17.0&#8243; _module_preset=\u00bbdefault\u00bb global_colors_info=\u00bb{}\u00bb][\/et_pb_fullwidth_image][\/et_pb_section][et_pb_section fb_built=\u00bb1&#8243; _builder_version=\u00bb4.18.0&#8243; _module_preset=\u00bbdefault\u00bb background_color=\u00bb#f9f9f9&#8243; custom_padding=\u00bb60px||28px|||\u00bb global_colors_info=\u00bb{}\u00bb][et_pb_row column_structure=\u00bb1_2,1_2&#8243; _builder_version=\u00bb4.18.0&#8243; _module_preset=\u00bbdefault\u00bb max_width=\u00bb1200px\u00bb custom_padding=\u00bb40px||13px|||\u00bb global_colors_info=\u00bb{}\u00bb][et_pb_column type=\u00bb1_2&#8243; _builder_version=\u00bb4.18.0&#8243; _module_preset=\u00bbdefault\u00bb global_colors_info=\u00bb{}\u00bb][et_pb_text _builder_version=\u00bb4.17.0&#8243; _module_preset=\u00bbdefault\u00bb header_3_font=\u00bbSatisfy||||||||\u00bb header_3_font_size=\u00bb30px\u00bb custom_margin=\u00bb||0px||false|false\u00bb header_3_text_align_tablet=\u00bb\u00bb header_3_text_align_phone=\u00bbcenter\u00bb header_3_text_align_last_edited=\u00bbon|phone\u00bb header_3_font_size_tablet=\u00bb28px\u00bb header_3_font_size_phone=\u00bb26px\u00bb header_3_font_size_last_edited=\u00bbon|desktop\u00bb global_colors_info=\u00bb{}\u00bb]<\/p>\n<h3><span style=\"color: #de9036;\">Aceite de Oliva Virgen Extra<\/span><\/h3>\n<p>[\/et_pb_text][et_pb_text _builder_version=\u00bb4.17.0&#8243; _module_preset=\u00bbdefault\u00bb header_2_font=\u00bb|800|||||||\u00bb header_2_font_size=\u00bb38px\u00bb custom_margin=\u00bb||9px|||\u00bb header_2_text_align_tablet=\u00bb\u00bb header_2_text_align_phone=\u00bbcenter\u00bb header_2_text_align_last_edited=\u00bbon|phone\u00bb header_2_font_size_tablet=\u00bb34px\u00bb header_2_font_size_phone=\u00bb30px\u00bb header_2_font_size_last_edited=\u00bbon|phone\u00bb global_colors_info=\u00bb{}\u00bb]<\/p>\n<h2>Conoce todo el proceso del autentico AOVE<\/h2>\n<p>[\/et_pb_text][et_pb_text ul_type=\u00bbcircle\u00bb _builder_version=\u00bb4.17.0&#8243; _module_preset=\u00bbdefault\u00bb header_2_font=\u00bb|800|||||||\u00bb global_colors_info=\u00bb{}\u00bb]<\/p>\n<p class=\"font_8 wixui-rich-text__text\"><span class=\"wixui-rich-text__text\"><span class=\"color_35 wixui-rich-text__text\">Nos gusta pensar que la vida siempre te devuelve con creces lo que le das&#8230;\u00a0Nos ha dado un lugar m\u00e1gico de alto valor natural donde poder recuperar el sentido del cultivo tradicional y obtener un producto de alto \u00edndice nutritivo.<\/span><\/span><br class=\"wixui-rich-text__text\" \/>\u00a0<span class=\"wixui-rich-text__text\"><span class=\"color_35 wixui-rich-text__text\">Con esa visi\u00f3n unida a las m\u00e1s modernas t\u00e9cnicas, hemos podido desarrollar un aceite muy especial, que ahora tiene en sus manos. Disfr\u00fatelo tanto, como nosotros hemos disfrutado de su cuidado poniendo mucha ilusi\u00f3n y pasi\u00f3n para obtener un aceite de oliva virgen extra de calidad suprema producido en<span>\u00a0<\/span>una de las Almazaras m\u00e1s avanzadas tecnol\u00f3gicamente de Espa\u00f1a<\/span><\/span><\/p>\n<p>[\/et_pb_text][\/et_pb_column][et_pb_column type=\u00bb1_2&#8243; _builder_version=\u00bb4.18.0&#8243; _module_preset=\u00bbdefault\u00bb global_colors_info=\u00bb{}\u00bb][et_pb_image src=\u00bbhttps:\/\/www.compraraceiteonline.es\/wp-content\/uploads\/2024\/04\/CAJA-VALDELASERASWWW-ok.webp\u00bb title_text=\u00bbCAJA VALDELASERASWWW ok\u00bb _builder_version=\u00bb4.17.0&#8243; _module_preset=\u00bbdefault\u00bb border_width_all=\u00bb10px\u00bb border_color_all=\u00bb#f9f9f9&#8243; border_width_bottom=\u00bb60px\u00bb border_color_bottom=\u00bb#FFFFFF\u00bb box_shadow_style=\u00bbpreset1&#8243; box_shadow_color=\u00bbrgba(0,0,0,0.1)\u00bb global_colors_info=\u00bb{}\u00bb][\/et_pb_image][\/et_pb_column][\/et_pb_row][\/et_pb_section][et_pb_section fb_built=\u00bb1&#8243; _builder_version=\u00bb4.17.0&#8243; _module_preset=\u00bbdefault\u00bb custom_padding=\u00bb0px|||||\u00bb global_colors_info=\u00bb{}\u00bb][et_pb_row _builder_version=\u00bb4.17.0&#8243; _module_preset=\u00bbdefault\u00bb custom_padding=\u00bb30px|||||\u00bb global_colors_info=\u00bb{}\u00bb][et_pb_column type=\u00bb4_4&#8243; _builder_version=\u00bb4.17.0&#8243; _module_preset=\u00bbdefault\u00bb global_colors_info=\u00bb{}\u00bb][et_pb_video src=\u00bbhttps:\/\/www.youtube.com\/watch?v=XfYAZwWndPE&#038;t=280s&#038;ab_channel=AceiteValdelaseras\u00bb image_src=\u00bbhttps:\/\/www.compraraceiteonline.es\/wp-content\/uploads\/2024\/04\/Captura-de-pantalla-2024-04-26-110120.png\u00bb _builder_version=\u00bb4.17.0&#8243; _module_preset=\u00bbdefault\u00bb global_colors_info=\u00bb{}\u00bb][\/et_pb_video][\/et_pb_column][\/et_pb_row][\/et_pb_section][et_pb_section fb_built=\u00bb1&#8243; fullwidth=\u00bbon\u00bb _builder_version=\u00bb4.17.0&#8243; _module_preset=\u00bbdefault\u00bb global_colors_info=\u00bb{}\u00bb][et_pb_fullwidth_image src=\u00bbhttps:\/\/www.compraraceiteonline.es\/wp-content\/uploads\/2024\/04\/BANNER-casa-rural-Valdelaseras.webp\u00bb title_text=\u00bbBANNER casa rural Valdelaseras\u00bb _builder_version=\u00bb4.17.0&#8243; _module_preset=\u00bbdefault\u00bb global_colors_info=\u00bb{}\u00bb][\/et_pb_fullwidth_image][\/et_pb_section][et_pb_section fb_built=\u00bb1&#8243; admin_label=\u00bbFooter\u00bb _builder_version=\u00bb4.24.2&#8243; _module_preset=\u00bbdefault\u00bb use_background_color_gradient=\u00bbon\u00bb background_color_gradient_stops=\u00bb#56000f 0%|rgba(31,37,28,0.85) 100%\u00bb background_color_gradient_overlays_image=\u00bbon\u00bb background_image=\u00bbhttps:\/\/www.compraraceiteonline.es\/wp-content\/uploads\/2024\/04\/Casa-Rural-ValdelaseraS-La-Codosera-61.jpg\u00bb custom_padding=\u00bb14px||22px|||\u00bb saved_tabs=\u00bball\u00bb collapsed=\u00bbon\u00bb global_colors_info=\u00bb{}\u00bb][et_pb_row column_structure=\u00bb1_3,1_3,1_3&#8243; custom_padding_last_edited=\u00bbon|desktop\u00bb _builder_version=\u00bb4.23.1&#8243; _module_preset=\u00bbdefault\u00bb custom_margin=\u00bb7px|auto||auto||\u00bb custom_padding=\u00bb56px|40px|56px|40px|true|true\u00bb custom_padding_tablet=\u00bb30px|30px|30px|30px|true|true\u00bb custom_padding_phone=\u00bb20px|20px|20px|20px|true|true\u00bb hover_enabled=\u00bb0&#8243; border_width_all=\u00bb2px\u00bb border_color_all=\u00bbgcid-44a2432d-0d5f-4936-b18e-1d8ff0643d31&#8243; global_colors_info=\u00bb{%22gcid-44a2432d-0d5f-4936-b18e-1d8ff0643d31%22:%91%22border_color_all%22,%22border_color_all%22%93}\u00bb sticky_enabled=\u00bb0&#8243;][et_pb_column type=\u00bb1_3&#8243; _builder_version=\u00bb4.23.1&#8243; _module_preset=\u00bbdefault\u00bb global_colors_info=\u00bb{}\u00bb][et_pb_text _builder_version=\u00bb4.24.2&#8243; _module_preset=\u00bbdefault\u00bb header_4_font=\u00bbIstok Web|700|||||||\u00bb header_4_text_color=\u00bbgcid-44a2432d-0d5f-4936-b18e-1d8ff0643d31&#8243; header_4_font_size=\u00bb25px\u00bb header_4_line_height=\u00bb1.4em\u00bb text_orientation=\u00bbcenter\u00bb custom_margin=\u00bb||0px||false|false\u00bb header_4_font_size_tablet=\u00bb16px\u00bb header_4_font_size_phone=\u00bb15px\u00bb header_4_font_size_last_edited=\u00bbon|desktop\u00bb global_colors_info=\u00bb{%22gcid-44a2432d-0d5f-4936-b18e-1d8ff0643d31%22:%91%22header_4_text_color%22%93}\u00bb]<\/p>\n<h4>D\u00f3nde estamos<\/h4>\n<p>[\/et_pb_text][et_pb_text _builder_version=\u00bb4.17.0&#8243; _module_preset=\u00bbdefault\u00bb text_font=\u00bbLato||||||||\u00bb text_text_color=\u00bbgcid-44a2432d-0d5f-4936-b18e-1d8ff0643d31&#8243; link_text_color=\u00bbgcid-44a2432d-0d5f-4936-b18e-1d8ff0643d31&#8243; text_orientation=\u00bbcenter\u00bb custom_margin=\u00bb||10px||false|false\u00bb text_font_size_tablet=\u00bb15px\u00bb text_font_size_phone=\u00bb14px\u00bb text_font_size_last_edited=\u00bbon|desktop\u00bb global_colors_info=\u00bb{%22gcid-44a2432d-0d5f-4936-b18e-1d8ff0643d31%22:%91%22text_text_color%22,%22link_text_color%22%93}\u00bb]<\/p>\n<p><span>Valdelaseras, 06519<\/span><br \/><span>La Tojera, Badajoz<\/span><\/p>\n<p>[\/et_pb_text][\/et_pb_column][et_pb_column type=\u00bb1_3&#8243; _builder_version=\u00bb4.23.1&#8243; _module_preset=\u00bbdefault\u00bb global_colors_info=\u00bb{}\u00bb][et_pb_text _builder_version=\u00bb4.24.2&#8243; _module_preset=\u00bbdefault\u00bb header_4_font=\u00bbIstok Web|700|||||||\u00bb header_4_text_color=\u00bbgcid-44a2432d-0d5f-4936-b18e-1d8ff0643d31&#8243; header_4_font_size=\u00bb25px\u00bb header_4_line_height=\u00bb1.4em\u00bb text_orientation=\u00bbcenter\u00bb custom_margin=\u00bb||0px||false|false\u00bb header_4_font_size_tablet=\u00bb16px\u00bb header_4_font_size_phone=\u00bb15px\u00bb header_4_font_size_last_edited=\u00bbon|desktop\u00bb global_colors_info=\u00bb{%22gcid-44a2432d-0d5f-4936-b18e-1d8ff0643d31%22:%91%22header_4_text_color%22%93}\u00bb]<\/p>\n<h4>Contacto | Reservas<\/h4>\n<p>[\/et_pb_text][et_pb_text _builder_version=\u00bb4.24.2&#8243; _module_preset=\u00bbdefault\u00bb text_font=\u00bbLato||||||||\u00bb text_text_color=\u00bbgcid-44a2432d-0d5f-4936-b18e-1d8ff0643d31&#8243; link_text_color=\u00bbgcid-44a2432d-0d5f-4936-b18e-1d8ff0643d31&#8243; text_orientation=\u00bbcenter\u00bb custom_margin=\u00bb||10px||false|false\u00bb text_font_size_tablet=\u00bb15px\u00bb text_font_size_phone=\u00bb14px\u00bb text_font_size_last_edited=\u00bbon|desktop\u00bb global_colors_info=\u00bb{%22gcid-44a2432d-0d5f-4936-b18e-1d8ff0643d31%22:%91%22text_text_color%22,%22link_text_color%22%93}\u00bb]<\/p>\n<p><span>(+34)\u00a0<\/span><a href=\"tel:629894242\"><span>629894242<\/span><\/a><\/p>\n<p>[\/et_pb_text][et_pb_text _builder_version=\u00bb4.24.2&#8243; _module_preset=\u00bbdefault\u00bb text_font=\u00bbLato||||||||\u00bb text_text_color=\u00bbgcid-44a2432d-0d5f-4936-b18e-1d8ff0643d31&#8243; link_text_color=\u00bbgcid-44a2432d-0d5f-4936-b18e-1d8ff0643d31&#8243; text_orientation=\u00bbcenter\u00bb custom_margin=\u00bb||37px||false|false\u00bb text_font_size_tablet=\u00bb15px\u00bb text_font_size_phone=\u00bb14px\u00bb text_font_size_last_edited=\u00bbon|desktop\u00bb global_colors_info=\u00bb{%22gcid-44a2432d-0d5f-4936-b18e-1d8ff0643d31%22:%91%22text_text_color%22,%22link_text_color%22%93}\u00bb]<\/p>\n<p><span>reserva@casaruralvaldelaseras.es<\/span><\/p>\n<p>[\/et_pb_text][et_pb_image src=\u00bbhttps:\/\/www.compraraceiteonline.es\/wp-content\/uploads\/2024\/04\/Banner-Subvencion-Kit-Digital.jpg\u00bb title_text=\u00bbBanner Subvenci\u00f3n Kit Digital\u00bb align=\u00bbcenter\u00bb _builder_version=\u00bb4.24.2&#8243; _module_preset=\u00bbdefault\u00bb global_colors_info=\u00bb{}\u00bb][\/et_pb_image][\/et_pb_column][et_pb_column type=\u00bb1_3&#8243; _builder_version=\u00bb4.23.1&#8243; _module_preset=\u00bbdefault\u00bb global_colors_info=\u00bb{}\u00bb][et_pb_text _builder_version=\u00bb4.24.2&#8243; _module_preset=\u00bbdefault\u00bb header_4_font=\u00bbIstok Web|700|||||||\u00bb header_4_text_color=\u00bbgcid-44a2432d-0d5f-4936-b18e-1d8ff0643d31&#8243; header_4_font_size=\u00bb25px\u00bb header_4_line_height=\u00bb1.4em\u00bb text_orientation=\u00bbcenter\u00bb custom_margin=\u00bb||0px||false|false\u00bb header_4_font_size_tablet=\u00bb16px\u00bb header_4_font_size_phone=\u00bb15px\u00bb header_4_font_size_last_edited=\u00bbon|desktop\u00bb global_colors_info=\u00bb{%22gcid-44a2432d-0d5f-4936-b18e-1d8ff0643d31%22:%91%22header_4_text_color%22%93}\u00bb]<\/p>\n<h4>De inter\u00e9s<\/h4>\n<p>[\/et_pb_text][et_pb_text _builder_version=\u00bb4.24.2&#8243; _module_preset=\u00bbdefault\u00bb text_font=\u00bbLato||||||||\u00bb text_text_color=\u00bbgcid-44a2432d-0d5f-4936-b18e-1d8ff0643d31&#8243; link_text_color=\u00bbgcid-44a2432d-0d5f-4936-b18e-1d8ff0643d31&#8243; text_orientation=\u00bbcenter\u00bb custom_margin=\u00bb||10px||false|false\u00bb text_font_size_tablet=\u00bb15px\u00bb text_font_size_phone=\u00bb14px\u00bb text_font_size_last_edited=\u00bbon|desktop\u00bb global_colors_info=\u00bb{%22gcid-44a2432d-0d5f-4936-b18e-1d8ff0643d31%22:%91%22text_text_color%22,%22link_text_color%22%93}\u00bb]<\/p>\n<p><a href=\"https:\/\/valdelaseras.es\/eventos\">Eventos en Valdelaseras<\/a><\/p>\n<p>[\/et_pb_text][et_pb_text _builder_version=\u00bb4.24.2&#8243; _module_preset=\u00bbdefault\u00bb text_font=\u00bbLato||||||||\u00bb text_text_color=\u00bbgcid-44a2432d-0d5f-4936-b18e-1d8ff0643d31&#8243; link_text_color=\u00bbgcid-44a2432d-0d5f-4936-b18e-1d8ff0643d31&#8243; text_orientation=\u00bbcenter\u00bb custom_margin=\u00bb||10px||false|false\u00bb text_font_size_tablet=\u00bb15px\u00bb text_font_size_phone=\u00bb14px\u00bb text_font_size_last_edited=\u00bbon|desktop\u00bb global_colors_info=\u00bb{%22gcid-44a2432d-0d5f-4936-b18e-1d8ff0643d31%22:%91%22text_text_color%22,%22link_text_color%22%93}\u00bb]<\/p>\n<p>Actividades por la zona<\/p>\n<p>[\/et_pb_text][et_pb_text _builder_version=\u00bb4.24.2&#8243; _module_preset=\u00bbdefault\u00bb text_font=\u00bbLato||||||||\u00bb text_text_color=\u00bbgcid-44a2432d-0d5f-4936-b18e-1d8ff0643d31&#8243; link_text_color=\u00bbgcid-44a2432d-0d5f-4936-b18e-1d8ff0643d31&#8243; text_orientation=\u00bbcenter\u00bb custom_margin=\u00bb||10px||false|false\u00bb text_font_size_tablet=\u00bb15px\u00bb text_font_size_phone=\u00bb14px\u00bb text_font_size_last_edited=\u00bbon|desktop\u00bb global_colors_info=\u00bb{%22gcid-44a2432d-0d5f-4936-b18e-1d8ff0643d31%22:%91%22text_text_color%22,%22link_text_color%22%93}\u00bb]<\/p>\n<p><a href=\"https:\/\/valdelaseras.es\/entorno\/\">Nuestro entorno<\/a><\/p>\n<p>[\/et_pb_text][et_pb_text _builder_version=\u00bb4.24.2&#8243; _module_preset=\u00bbdefault\u00bb text_font=\u00bbLato||||||||\u00bb text_text_color=\u00bbgcid-44a2432d-0d5f-4936-b18e-1d8ff0643d31&#8243; link_text_color=\u00bbgcid-44a2432d-0d5f-4936-b18e-1d8ff0643d31&#8243; text_orientation=\u00bbcenter\u00bb custom_margin=\u00bb||10px||false|false\u00bb text_font_size_tablet=\u00bb15px\u00bb text_font_size_phone=\u00bb14px\u00bb text_font_size_last_edited=\u00bbon|desktop\u00bb global_colors_info=\u00bb{%22gcid-44a2432d-0d5f-4936-b18e-1d8ff0643d31%22:%91%22text_text_color%22,%22link_text_color%22%93}\u00bb]<\/p>\n<p><a href=\"https:\/\/www.aceitevaldelaseras.com\/tiendaonline\">Tienda Online Almazara<\/a><\/p>\n<p>[\/et_pb_text][\/et_pb_column][\/et_pb_row][\/et_pb_section][et_pb_section fb_built=\u00bb1&#8243; _builder_version=\u00bb4.17.0&#8243; _module_preset=\u00bbdefault\u00bb custom_padding=\u00bb6px||12px|||\u00bb hover_enabled=\u00bb0&#8243; global_colors_info=\u00bb{}\u00bb sticky_enabled=\u00bb0&#8243;][et_pb_row _builder_version=\u00bb4.17.0&#8243; _module_preset=\u00bbdefault\u00bb custom_margin=\u00bb-19px|auto||auto||\u00bb custom_padding=\u00bb||0px|||\u00bb hover_enabled=\u00bb0&#8243; global_colors_info=\u00bb{}\u00bb sticky_enabled=\u00bb0&#8243;][et_pb_column type=\u00bb4_4&#8243; _builder_version=\u00bb4.17.0&#8243; _module_preset=\u00bbdefault\u00bb global_colors_info=\u00bb{}\u00bb][et_pb_text _builder_version=\u00bb4.17.0&#8243; _module_preset=\u00bbdefault\u00bb hover_enabled=\u00bb0&#8243; global_colors_info=\u00bb{}\u00bb sticky_enabled=\u00bb0&#8243;]<\/p>\n<p><span>Copyright \u00a9 2024 | Inmuebles en Locaci\u00f3n, S.A. &#8211; Todos los derechos reservados | Dise\u00f1o, Desarrollo Web y SEO de <\/span><a href=\"https:\/\/www.agenciamarketingdigitalgrowth.com\/\">Agencia Marketing DigitalGrowth<\/a><span>\u00a0\u00ae<\/span><\/p>\n<p>[\/et_pb_text][\/et_pb_column][\/et_pb_row][\/et_pb_section]<\/p>\n","protected":false},"excerpt":{"rendered":"<p>Servicios ValdelaserasConoce el proceso completo en nuestra AlmazaraCelebraci\u00f3n de EventosAlojamiento Rural 5*Aceite de Oliva Virgen ExtraConoce todo el proceso del autentico AOVENos gusta pensar que la vida siempre te devuelve con creces lo que le das&#8230;\u00a0Nos ha dado un lugar m\u00e1gico de alto valor natural donde poder recuperar el sentido del cultivo tradicional y obtener [&hellip;]<\/p>\n","protected":false},"author":1,"featured_media":0,"parent":0,"menu_order":0,"comment_status":"closed","ping_status":"closed","template":"","meta":{"_et_pb_use_builder":"on","_et_pb_old_content":"","_et_gb_content_width":"","footnotes":""},"class_list":["post-10","page","type-page","status-publish","hentry"],"_links":{"self":[{"href":"https:\/\/www.compraraceiteonline.es\/index.php\/wp-json\/wp\/v2\/pages\/10","targetHints":{"allow":["GET"]}}],"collection":[{"href":"https:\/\/www.compraraceiteonline.es\/index.php\/wp-json\/wp\/v2\/pages"}],"about":[{"href":"https:\/\/www.compraraceiteonline.es\/index.php\/wp-json\/wp\/v2\/types\/page"}],"author":[{"embeddable":true,"href":"https:\/\/www.compraraceiteonline.es\/index.php\/wp-json\/wp\/v2\/users\/1"}],"replies":[{"embeddable":true,"href":"https:\/\/www.compraraceiteonline.es\/index.php\/wp-json\/wp\/v2\/comments?post=10"}],"version-history":[{"count":13,"href":"https:\/\/www.compraraceiteonline.es\/index.php\/wp-json\/wp\/v2\/pages\/10\/revisions"}],"predecessor-version":[{"id":90,"href":"https:\/\/www.compraraceiteonline.es\/index.php\/wp-json\/wp\/v2\/pages\/10\/revisions\/90"}],"wp:attachment":[{"href":"https:\/\/www.compraraceiteonline.es\/index.php\/wp-json\/wp\/v2\/media?parent=10"}],"curies":[{"name":"wp","href":"https:\/\/api.w.org\/{rel}","templated":true}]}}